{"id":3220,"date":"2025-05-05T17:43:39","date_gmt":"2025-05-05T15:43:39","guid":{"rendered":"https:\/\/annualreport2025.groupeidec.com\/chap-04-succes\/"},"modified":"2025-07-09T11:03:45","modified_gmt":"2025-07-09T09:03:45","slug":"chap-04-exito","status":"publish","type":"page","link":"https:\/\/annualreport2025.groupeidec.com\/es\/chap-04-exito\/","title":{"rendered":"Chap 04 &#8211; \u00c9xito"},"content":{"rendered":"<div class=\"wpb-content-wrapper\"><p>[vc_row section_type=\u00bbfullwidth\u00bb height_ratio=\u00bb100&#8243; padding_top_multiplier=\u00bb\u00bb padding_bottom_multiplier=\u00bb\u00bb rc_heading_color=\u00bbblack\u00bb rc_link_color=\u00bbdark-grey\u00bb rc_link_hover_color=\u00bbblack\u00bb rc_bg_type=\u00bbimage\u00bb rc_bg_image=\u00bb2691&#8243; rc_bg_image_size=\u00bbresponsive\u00bb columns_gap=\u00bb60&#8243; separator_bottom_color=\u00bb#e73029&#8243; rc_font_color=\u00bb#000000&#8243;][vc_column width=\u00bb1\/2&#8243; vertical_content_position=\u00bbmiddle\u00bb animation_delay=\u00bb\u00bb grve_css=\u00bb{\u00abdesktop\u00ab:{\u00abmargin-top\u00ab:\u00ab-50px\u00ab,\u00abmargin-left\u00ab:\u00ab-10%\u00ab,\u00abclass\u00ab:\u00abgrve-wpb-1748506696488\u00ab},\u00abtablet_landscape\u00ab:{\u00abmargin-top\u00ab:\u00ab-10px\u00ab,\u00abmargin-left\u00ab:\u00ab-10%\u00ab}}\u00bb]<div data-animation=\"fade-in-left\" data-delay=\"0\" data-duration=\"normal\" class=\"grve-element grve-image grve-align-center grve-animated-item chevron-red-header\">\r\n\t<div class=\"grve-image-item\">\r\n\t\t\r\n\r\n<div class=\"grve-image-wrapper grve-no-effect\">\r\n\t\t<div class=\"grve-thumbnail-wrapper\"  style=\"width: 960px;\"><div class=\"grve-thumbnail\"  style=\"padding-top: 100%;\"><img loading=\"lazy\" decoding=\"async\" width=\"960\" height=\"960\" src=\"https:\/\/annualreport2025.groupeidec.com\/wp-content\/uploads\/2025\/05\/chevron_chapitre_04_960x960.png\" class=\"attachment-full size-full\" alt=\"\" data-column-space=\"auto\" data-lazyload=\"\" data-grve-filter=\"yes\" srcset=\"https:\/\/annualreport2025.groupeidec.com\/wp-content\/uploads\/2025\/05\/chevron_chapitre_04_960x960.png 960w, https:\/\/annualreport2025.groupeidec.com\/wp-content\/uploads\/2025\/05\/chevron_chapitre_04_960x960-300x300.png 300w, https:\/\/annualreport2025.groupeidec.com\/wp-content\/uploads\/2025\/05\/chevron_chapitre_04_960x960-150x150.png 150w, https:\/\/annualreport2025.groupeidec.com\/wp-content\/uploads\/2025\/05\/chevron_chapitre_04_960x960-768x768.png 768w, https:\/\/annualreport2025.groupeidec.com\/wp-content\/uploads\/2025\/05\/chevron_chapitre_04_960x960-560x560.png 560w, https:\/\/annualreport2025.groupeidec.com\/wp-content\/uploads\/2025\/05\/chevron_chapitre_04_960x960-900x900.png 900w\" sizes=\"auto, (max-width: 960px) 100vw, 960px\" \/><\/div><\/div>\t<\/div>\r\n\t<\/div>\r\n<\/div>\r\n[\/vc_column][vc_column width=\u00bb1\/2&#8243; vertical_content_position=\u00bbmiddle\u00bb grve_css=\u00bb{\u00abdesktop\u00ab:{\u00abmargin-top\u00ab:\u00ab-50px\u00ab,\u00abmargin-left\u00ab:\u00ab50px\u00ab,\u00abclass\u00ab:\u00abgrve-wpb-1748508671169\u00ab},\u00abtablet_landscape\u00ab:{\u00abmargin-top\u00ab:\u00ab-300px\u00ab,\u00abmargin-left\u00ab:\u00ab0\u00ab}}\u00bb]<h2 data-animation=\"appear-down\" data-delay=\"0\" data-duration=\"normal\" class=\"grve-element grve-title grve-align-left grve-appear-animation grve-advanced-animation grve-animated-item grve-h2 grve-custom-font-1 grve-mobile-reset-increase-heading grve-increase-heading grve-heading-120 stroke-grid\"><span><em>&gt;04<\/em><\/span><\/h2><h1 data-animation=\"appear-down\" data-delay=\"200\" data-duration=\"normal\" class=\"grve-element grve-title grve-align-left grve-appear-animation grve-advanced-animation grve-animated-item grve-h1 grve-custom-font-1 stroke-grid\"><span>\u00c9xito<\/span><\/h1><h3 data-animation=\"appear-down\" data-delay=\"400\" data-duration=\"normal\" class=\"grve-element grve-title grve-align-left grve-appear-animation grve-advanced-animation grve-animated-item grve-h3 grve-custom-font-1 grve-increase-heading grve-heading-120 grve-text-primary-1 stroke-grid\"><span>Proyectos emblem\u00e1ticos para 2024 y 2025<\/span><\/h3><h4 data-animation=\"appear-down\" data-delay=\"600\" data-duration=\"normal\" class=\"grve-element grve-title grve-align-inherit grve-appear-animation grve-advanced-animation grve-animated-item grve-h4\"><span>\u201cM\u00e1s que proyectos inmobiliarios, los proyectos realizados por el GRUPO IDEC son fruto de historias, encuentros, compromisos y relaciones de colaboraci\u00f3n con sus clientes\u201d<\/span><\/h4><div class=\"grve-empty-space grve-height-1x\"><\/div><div data-animation=\"fade-in-up\" data-delay=\"800\" data-duration=\"normal\" class=\"grve-element grve-align-left grve-animated-item\"><a href=\"#entree\" class=\"grve-btn-text grve-btn-line grve-line-bottom grve-text-dark-grey grve-text-hover-dark-grey grve-btn-small\">\r\n\t\t<div class=\"grve-btn-inner\">\r\n\t\t<span>Acceso al contenido<\/span>\r\n\t\t\t<span class=\"grve-line grve-bg-dark-grey\"><\/span>\r\n\t\t\t\t\t\t\t<\/div>\r\n\t<\/a><\/div>[\/vc_column][\/vc_row][vc_row section_type=\u00bbfullwidth\u00bb height_ratio=\u00bb100&#8243; padding_top_multiplier=\u00bb\u00bb padding_bottom_multiplier=\u00bb\u00bb disable_element=\u00bbyes\u00bb rc_heading_color=\u00bbblack\u00bb rc_link_color=\u00bbdark-grey\u00bb rc_link_hover_color=\u00bbblack\u00bb rc_bg_type=\u00bbimage\u00bb rc_bg_image=\u00bb2691&#8243; columns_gap=\u00bb60&#8243; separator_bottom_color=\u00bb#e73029&#8243; rc_font_color=\u00bb#000000&#8243; el_class=\u00bbheader-int\u00bb][vc_column width=\u00bb1\/2&#8243; vertical_content_position=\u00bbmiddle\u00bb animation_delay=\u00bb\u00bb grve_css=\u00bb{\u00abdesktop\u00ab:{\u00abmargin-top\u00ab:\u00ab-50px\u00ab,\u00abmargin-left\u00ab:\u00ab-10%\u00ab,\u00abclass\u00ab:\u00abgrve-wpb-1748506696488\u00ab},\u00abtablet_landscape\u00ab:{\u00abmargin-top\u00ab:\u00ab-10px\u00ab,\u00abmargin-left\u00ab:\u00ab-10%\u00ab}}\u00bb]<div data-animation=\"fade-in-left\" data-delay=\"0\" data-duration=\"normal\" class=\"grve-element grve-image grve-align-center grve-animated-item chevron-red-header\">\r\n\t<div class=\"grve-image-item\">\r\n\t\t\r\n\r\n<div class=\"grve-image-wrapper grve-no-effect\">\r\n\t\t<div class=\"grve-thumbnail-wrapper\"  style=\"width: 960px;\"><div class=\"grve-thumbnail\"  style=\"padding-top: 100%;\"><img loading=\"lazy\" decoding=\"async\" width=\"960\" height=\"960\" src=\"https:\/\/annualreport2025.groupeidec.com\/wp-content\/uploads\/2025\/05\/chevron_chapitre_02_960x960.png\" class=\"attachment-full size-full\" alt=\"\" data-column-space=\"auto\" data-lazyload=\"\" data-grve-filter=\"yes\" srcset=\"https:\/\/annualreport2025.groupeidec.com\/wp-content\/uploads\/2025\/05\/chevron_chapitre_02_960x960.png 960w, https:\/\/annualreport2025.groupeidec.com\/wp-content\/uploads\/2025\/05\/chevron_chapitre_02_960x960-300x300.png 300w, https:\/\/annualreport2025.groupeidec.com\/wp-content\/uploads\/2025\/05\/chevron_chapitre_02_960x960-150x150.png 150w, https:\/\/annualreport2025.groupeidec.com\/wp-content\/uploads\/2025\/05\/chevron_chapitre_02_960x960-768x768.png 768w, https:\/\/annualreport2025.groupeidec.com\/wp-content\/uploads\/2025\/05\/chevron_chapitre_02_960x960-560x560.png 560w, https:\/\/annualreport2025.groupeidec.com\/wp-content\/uploads\/2025\/05\/chevron_chapitre_02_960x960-900x900.png 900w\" sizes=\"auto, (max-width: 960px) 100vw, 960px\" \/><\/div><\/div>\t<\/div>\r\n\t<\/div>\r\n<\/div>\r\n[\/vc_column][vc_column width=\u00bb1\/2&#8243; vertical_content_position=\u00bbmiddle\u00bb animation=\u00bbfade-in-up\u00bb animation_delay=\u00bb200&#8243; grve_css=\u00bb{\u00abdesktop\u00ab:{\u00abmargin-top\u00ab:\u00ab-10px\u00ab,\u00abmargin-left\u00ab:\u00ab50px\u00ab,\u00abclass\u00ab:\u00abgrve-wpb-1749032556471\u00ab},\u00abtablet_landscape\u00ab:{\u00abmargin-left\u00ab:\u00ab0\u00ab}}\u00bb]<h2 class=\"grve-element grve-title grve-align-left grve-h2 grve-custom-font-1 stroke-grid\"><span><em>&gt;04<\/em><\/span><\/h2><h1 class=\"grve-element grve-title grve-align-left grve-h1 grve-custom-font-1 stroke-grid\"><span>Succ\u00e8s<\/span><\/h1><h3 class=\"grve-element grve-title grve-align-left grve-h3 grve-custom-font-1 grve-increase-heading grve-heading-120 grve-text-primary-1 stroke-grid\"><span>Projets phares 2024 &amp; 2025<\/span><\/h3><h4 class=\"grve-element grve-title grve-align-inherit grve-h4\"><span>\u201cPlus que des projets immobiliers, les op\u00e9rations livr\u00e9es par le GROUPE IDEC sont le fruit d\u2019histoires, de rencontres, d\u2019engagement et de relation de partenariat avec ses clients\u201d<\/span><\/h4><div style=\"height: 20px;\" class=\"grve-empty-space\"><\/div>[vc_row_inner][vc_column_inner content_width=\u00bbcustom\u00bb animation_delay=\u00bb800&#8243; custom_content_width=\u00bb460&#8243; el_class=\u00bbconteneur-video-header\u00bb][vc_raw_html css=\u00bb\u00bb el_class=\u00bbvideo-perso\u00bb]JTNDaWZyYW1lJTIwd2lkdGglM0QlMjI1NjAlMjIlMjBoZWlnaHQlM0QlMjIzMTUlMjIlMjBzcmMlM0QlMjJodHRwcyUzQSUyRiUyRnd3dy55b3V0dWJlLmNvbSUyRmVtYmVkJTJGblcxOFNrZmtUUEUlM0ZzaSUzRFFCV2RTdlllUlJ1dFlBTkIlMjZhbXAlM0JyZWwlM0QwJTI2YXV0b3BsYXklM0QxJTIyJTIwdGl0bGUlM0QlMjJUZWFzZXIlMjBBbm51YWwlMjBSZXBvcnQlMjAyMDI1JTIyJTIwZnJhbWVib3JkZXIlM0QlMjIwJTIyJTIwYWxsb3clM0QlMjJhY2NlbGVyb21ldGVyJTNCJTIwYXV0b3BsYXklM0IlMjBjbGlwYm9hcmQtd3JpdGUlM0IlMjBlbmNyeXB0ZWQtbWVkaWElM0IlMjBneXJvc2NvcGUlM0IlMjBwaWN0dXJlLWluLXBpY3R1cmUlM0IlMjB3ZWItc2hhcmUlMjIlMjByZWZlcnJlcnBvbGljeSUzRCUyMnN0cmljdC1vcmlnaW4td2hlbi1jcm9zcy1vcmlnaW4lMjIlMjBhbGxvd2Z1bGxzY3JlZW4lM0UlM0MlMkZpZnJhbWUlM0U=[\/vc_raw_html][\/vc_column_inner][\/vc_row_inner]<div style=\"height: 25px;\" class=\"grve-empty-space\"><\/div><div class=\"grve-element grve-align-left\"><a href=\"#entree\" class=\"grve-btn-text grve-btn-line grve-line-bottom grve-text-dark-grey grve-text-hover-dark-grey grve-btn-small\">\r\n\t\t<div class=\"grve-btn-inner\">\r\n\t\t<span>J&#039;acc\u00e8de au contenu<\/span>\r\n\t\t\t<span class=\"grve-line grve-bg-dark-grey\"><\/span>\r\n\t\t\t\t\t\t\t<\/div>\r\n\t<\/a><\/div>[\/vc_column][\/vc_row][vc_row padding_top_multiplier=\u00bb4x\u00bb padding_bottom_multiplier=\u00bb4x\u00bb][vc_column width=\u00bb1\/6&#8243;][\/vc_column][vc_column width=\u00bb2\/3&#8243; text_align=\u00bbcenter\u00bb el_id=\u00bbentree\u00bb]<h2 data-animation=\"fade-in-up\" data-delay=\"0\" data-duration=\"normal\" class=\"grve-element grve-title grve-align-inherit grve-animated-item grve-h2\"><span><strong>Conf\u00edan en nosotros<\/strong><\/span><\/h2><div style=\"height: 32px;\" class=\"grve-empty-space\"><\/div>[vc_column_text css=\u00bb\u00bb animation=\u00bbfade-in-up\u00bb animation_delay=\u00bb100&#8243; el_class=\u00bbjustif\u00bb]La base de una relaci\u00f3n de confianza se construye a trav\u00e9s de historias compartidas entre personas. M\u00e1s all\u00e1 de los proyectos inmobiliarios, GROUPE IDEC crea alianzas s\u00f3lidas que garantizan el \u00e9xito de operaciones dise\u00f1adas a medida de los desaf\u00edos de cada cliente.[\/vc_column_text][\/vc_column][vc_column width=\u00bb1\/6&#8243;][\/vc_column][\/vc_row][vc_row padding_bottom_multiplier=\u00bb2x\u00bb rc_heading_color=\u00bbwhite\u00bb rc_bg_type=\u00bbimage\u00bb rc_bg_image=\u00bb2065&#8243; rc_bg_image_type=\u00bbfixed\u00bb rc_bg_color_overlay=\u00bbblack\u00bb rc_bg_opacity_overlay=\u00bb50&#8243; separator_top=\u00bbtilt-left-separator\u00bb separator_top_color=\u00bb#FFFFFF\u00bb separator_top_z_index=\u00bb999&#8243; separator_bottom=\u00bbtilt-right-separator\u00bb separator_bottom_color=\u00bb#f3f3f3&#8243; rc_font_color=\u00bb#ffffff\u00bb][vc_column vertical_content_position=\u00bbmiddle\u00bb text_align=\u00bbcenter\u00bb]<div class=\"grve-empty-space grve-height-6x\"><\/div><div data-animation=\"fade-in\" data-delay=\"100\" data-duration=\"normal\" class=\"grve-element grve-single-icon grve-align-inherit grve-medium grve-animated-item butsound\" style=\"margin-bottom: 20px;\"><div class=\"grve-wrapper-icon grve-circle grve-simple grve-with-shape grve-bg-white grve-loop-animation-1 grve-text-primary-1\"><a href=\"https:\/\/youtu.be\/dvbfrHFHLgQ?si=S1_GaxniDegNs8_g\" class=\"grve-video-popup\">\t\t\t\t<svg width=\"24px\" height=\"24px\" viewBox=\"0 0 24 24\" stroke-width=\"0\">\r\n\t\t\t\t\t<polygon points=\"19 12 7 20 7 4\"><\/polygon>\r\n\t\t\t\t<\/svg>\r\n\t\t\t<\/a><div class=\"grve-pulse-bg\"><\/div><\/div><\/div><h4 data-animation=\"fade-in-up\" data-delay=\"200\" data-duration=\"normal\" class=\"grve-element grve-title grve-align-inherit grve-animated-item grve-h4\"><span>DESCUBRA<br \/>\n<strong>nuestros proyectos emblem\u00e1ticos<\/strong>.<\/span><\/h4>[vc_column_text css=\u00bb\u00bb animation=\u00bbfade-in-up\u00bb animation_delay=\u00bb300&#8243;]2024 \/ 2025[\/vc_column_text]<div class=\"grve-empty-space grve-height-6x\"><\/div>[\/vc_column][\/vc_row][vc_row padding_top_multiplier=\u00bb2x\u00bb padding_bottom_multiplier=\u00bb2x\u00bb rc_bg_type=\u00bbcolor\u00bb rc_bg_color=\u00bb#F4F4F4&#8243;][vc_column][\/vc_column][\/vc_row][vc_row rc_bg_type=\u00bbcolor\u00bb separator_top=\u00bbtilt-left-separator\u00bb separator_top_color=\u00bb#f4f4f4&#8243; rc_bg_color=\u00bb#f4f4f4&#8243; el_class=\u00bbfooter-menu\u00bb][vc_column width=\u00bb1\/6&#8243;][\/vc_column][vc_column width=\u00bb2\/3&#8243; vertical_content_position=\u00bbmiddle\u00bb text_align=\u00bbcenter\u00bb column_effect=\u00bbvertical-parallax\u00bb][vc_row_inner][vc_column_inner]<video class=\"grve-element grve-embed-video mask1\" playsinline loop=\"loop\" muted=\"muted\" autoplay=\"autoplay\"><source src=\"https:\/\/annualreport2025.groupeidec.com\/wp-content\/uploads\/2024\/04\/campus-mars-2024-montage-maquette-f4f4f4.mp4\" type=\"video\/mp4\"><\/video>[\/vc_column_inner][\/vc_row_inner][vc_row_inner columns_gap=\u00bbnone\u00bb][vc_column_inner el_wrapper_class=\u00bbposition-absolute-menu-bas-de-page\u00bb]<h3 class=\"grve-element grve-title grve-align-inherit grve-subtitle-text\" style=\"margin-bottom: 20px;\"><span><strong>pr\u00f3ximo<\/strong> cap\u00edtulo<\/span><\/h3><h2 class=\"grve-element grve-animated-text grve-animated-item grve-align-inherit grve-h2 grve-style-3 grve-custom-font-3 grve-mobile-reset-increase-heading grve-increase-heading grve-heading-120\" data-style=\"style-3\" data-delay=\"0\" data-duration=\"normal\"><span class=\"grve-animated-entry\"><span class=\"grve-line\">Compromisos<\/span><\/span><\/h2><div class=\"grve-element grve-single-icon grve-align-inherit grve-medium butsound\"><div class=\"grve-wrapper-icon grve-circle grve-simple grve-with-shape grve-bg-primary-1 grve-loop-animation-1 grve-text-white\"><a href=\"https:\/\/annualreport2025.groupeidec.com\/es\/chap-05-compromisos\/\" title=\"Chap 05 - Compromisos\"><span class=\"grve-icon entypo-icon entypo-icon-right-open\"><\/span><\/a><div class=\"grve-pulse-bg\"><\/div><\/div><\/div>[\/vc_column_inner][\/vc_row_inner][\/vc_column][vc_column width=\u00bb1\/6&#8243;][\/vc_column][\/vc_row]<\/p>\n<\/div>","protected":false},"excerpt":{"rendered":"<p>[vc_row section_type=\u00bbfullwidth\u00bb height_ratio=\u00bb100&#8243; padding_top_multiplier=\u00bb\u00bb padding_bottom_multiplier=\u00bb\u00bb rc_heading_color=\u00bbblack\u00bb rc_link_color=\u00bbdark-grey\u00bb rc_link_hover_color=\u00bbblack\u00bb rc_bg_type=\u00bbimage\u00bb rc_bg_image=\u00bb2691&#8243; rc_bg_image_size=\u00bbresponsive\u00bb columns_gap=\u00bb60&#8243; separator_bottom_color=\u00bb#e73029&#8243; rc_font_color=\u00bb#000000&#8243;][vc_column width=\u00bb1\/2&#8243; vertical_content_position=\u00bbmiddle\u00bb animation_delay=\u00bb\u00bb grve_css=\u00bb{\u00abdesktop\u00ab:{\u00abmargin-top\u00ab:\u00ab-50px\u00ab,\u00abmargin-left\u00ab:\u00ab-10%\u00ab,\u00abclass\u00ab:\u00abgrve-wpb-1748506696488\u00ab},\u00abtablet_landscape\u00ab:{\u00abmargin-top\u00ab:\u00ab-10px\u00ab,\u00abmargin-left\u00ab:\u00ab-10%\u00ab}}\u00bb][\/vc_column][vc_column width=\u00bb1\/2&#8243; vertical_content_position=\u00bbmiddle\u00bb grve_css=\u00bb{\u00abdesktop\u00ab:{\u00abmargin-top\u00ab:\u00ab-50px\u00ab,\u00abmargin-left\u00ab:\u00ab50px\u00ab,\u00abclass\u00ab:\u00abgrve-wpb-1748508671169\u00ab},\u00abtablet_landscape\u00ab:{\u00abmargin-top\u00ab:\u00ab-300px\u00ab,\u00abmargin-left\u00ab:\u00ab0\u00ab}}\u00bb][\/vc_column][\/vc_row][vc_row section_type=\u00bbfullwidth\u00bb height_ratio=\u00bb100&#8243; padding_top_multiplier=\u00bb\u00bb padding_bottom_multiplier=\u00bb\u00bb disable_element=\u00bbyes\u00bb rc_heading_color=\u00bbblack\u00bb rc_link_color=\u00bbdark-grey\u00bb rc_link_hover_color=\u00bbblack\u00bb rc_bg_type=\u00bbimage\u00bb rc_bg_image=\u00bb2691&#8243; columns_gap=\u00bb60&#8243; separator_bottom_color=\u00bb#e73029&#8243; rc_font_color=\u00bb#000000&#8243; el_class=\u00bbheader-int\u00bb][vc_column width=\u00bb1\/2&#8243; vertical_content_position=\u00bbmiddle\u00bb animation_delay=\u00bb\u00bb grve_css=\u00bb{\u00abdesktop\u00ab:{\u00abmargin-top\u00ab:\u00ab-50px\u00ab,\u00abmargin-left\u00ab:\u00ab-10%\u00ab,\u00abclass\u00ab:\u00abgrve-wpb-1748506696488\u00ab},\u00abtablet_landscape\u00ab:{\u00abmargin-top\u00ab:\u00ab-10px\u00ab,\u00abmargin-left\u00ab:\u00ab-10%\u00ab}}\u00bb][\/vc_column][vc_column width=\u00bb1\/2&#8243; vertical_content_position=\u00bbmiddle\u00bb animation=\u00bbfade-in-up\u00bb animation_delay=\u00bb200&#8243; grve_css=\u00bb{\u00abdesktop\u00ab:{\u00abmargin-top\u00ab:\u00ab-10px\u00ab,\u00abmargin-left\u00ab:\u00ab50px\u00ab,\u00abclass\u00ab:\u00abgrve-wpb-1749032556471\u00ab},\u00abtablet_landscape\u00ab:{\u00abmargin-left\u00ab:\u00ab0\u00ab}}\u00bb][vc_row_inner][vc_column_inner content_width=\u00bbcustom\u00bb animation_delay=\u00bb800&#8243; custom_content_width=\u00bb460&#8243; el_class=\u00bbconteneur-video-header\u00bb][vc_raw_html css=\u00bb\u00bb el_class=\u00bbvideo-perso\u00bb]JTNDaWZyYW1lJTIwd2lkdGglM0QlMjI1NjAlMjIlMjBoZWlnaHQlM0QlMjIzMTUlMjIlMjBzcmMlM0QlMjJodHRwcyUzQSUyRiUyRnd3dy55b3V0dWJlLmNvbSUyRmVtYmVkJTJGblcxOFNrZmtUUEUlM0ZzaSUzRFFCV2RTdlllUlJ1dFlBTkIlMjZhbXAlM0JyZWwlM0QwJTI2YXV0b3BsYXklM0QxJTIyJTIwdGl0bGUlM0QlMjJUZWFzZXIlMjBBbm51YWwlMjBSZXBvcnQlMjAyMDI1JTIyJTIwZnJhbWVib3JkZXIlM0QlMjIwJTIyJTIwYWxsb3clM0QlMjJhY2NlbGVyb21ldGVyJTNCJTIwYXV0b3BsYXklM0IlMjBjbGlwYm9hcmQtd3JpdGUlM0IlMjBlbmNyeXB0ZWQtbWVkaWElM0IlMjBneXJvc2NvcGUlM0IlMjBwaWN0dXJlLWluLXBpY3R1cmUlM0IlMjB3ZWItc2hhcmUlMjIlMjByZWZlcnJlcnBvbGljeSUzRCUyMnN0cmljdC1vcmlnaW4td2hlbi1jcm9zcy1vcmlnaW4lMjIlMjBhbGxvd2Z1bGxzY3JlZW4lM0UlM0MlMkZpZnJhbWUlM0U=[\/vc_raw_html][\/vc_column_inner][\/vc_row_inner][\/vc_column][\/vc_row][vc_row padding_top_multiplier=\u00bb4x\u00bb padding_bottom_multiplier=\u00bb4x\u00bb][vc_column width=\u00bb1\/6&#8243;][\/vc_column][vc_column width=\u00bb2\/3&#8243; text_align=\u00bbcenter\u00bb [&hellip;]<\/p>\n","protected":false},"author":1,"featured_media":0,"parent":0,"menu_order":0,"comment_status":"closed","ping_status":"closed","template":"","meta":{"footnotes":""},"class_list":["post-3220","page","type-page","status-publish","hentry","grve-entry-item"],"_links":{"self":[{"href":"https:\/\/annualreport2025.groupeidec.com\/es\/wp-json\/wp\/v2\/pages\/3220","targetHints":{"allow":["GET"]}}],"collection":[{"href":"https:\/\/annualreport2025.groupeidec.com\/es\/wp-json\/wp\/v2\/pages"}],"about":[{"href":"https:\/\/annualreport2025.groupeidec.com\/es\/wp-json\/wp\/v2\/types\/page"}],"author":[{"embeddable":true,"href":"https:\/\/annualreport2025.groupeidec.com\/es\/wp-json\/wp\/v2\/users\/1"}],"replies":[{"embeddable":true,"href":"https:\/\/annualreport2025.groupeidec.com\/es\/wp-json\/wp\/v2\/comments?post=3220"}],"version-history":[{"count":8,"href":"https:\/\/annualreport2025.groupeidec.com\/es\/wp-json\/wp\/v2\/pages\/3220\/revisions"}],"predecessor-version":[{"id":3457,"href":"https:\/\/annualreport2025.groupeidec.com\/es\/wp-json\/wp\/v2\/pages\/3220\/revisions\/3457"}],"wp:attachment":[{"href":"https:\/\/annualreport2025.groupeidec.com\/es\/wp-json\/wp\/v2\/media?parent=3220"}],"curies":[{"name":"wp","href":"https:\/\/api.w.org\/{rel}","templated":true}]}}