{"id":3391,"date":"2025-05-06T09:14:03","date_gmt":"2025-05-06T07:14:03","guid":{"rendered":"https:\/\/annualreport2025.groupeidec.com\/chap-07-sport\/"},"modified":"2025-07-03T18:12:06","modified_gmt":"2025-07-03T16:12:06","slug":"chap-07-sports","status":"publish","type":"page","link":"https:\/\/annualreport2025.groupeidec.com\/en\/chap-07-sports\/","title":{"rendered":"Chap 07 &#8211; Sports"},"content":{"rendered":"<div class=\"wpb-content-wrapper\"><p>[vc_row section_type=&#8221;fullwidth&#8221; height_ratio=&#8221;100&#8243; padding_top_multiplier=&#8221;&#8221; padding_bottom_multiplier=&#8221;&#8221; rc_heading_color=&#8221;black&#8221; rc_link_color=&#8221;dark-grey&#8221; rc_link_hover_color=&#8221;black&#8221; rc_bg_type=&#8221;image&#8221; rc_bg_image=&#8221;2691&#8243; rc_bg_image_size=&#8221;responsive&#8221; columns_gap=&#8221;60&#8243; separator_bottom_color=&#8221;#e73029&#8243; rc_font_color=&#8221;#000000&#8243;][vc_column width=&#8221;1\/2&#8243; vertical_content_position=&#8221;middle&#8221; animation_delay=&#8221;&#8221; grve_css=&#8221;{&#8220;desktop&#8220;:{&#8220;margin-top&#8220;:&#8220;-50px&#8220;,&#8220;margin-left&#8220;:&#8220;-10%&#8220;,&#8220;class&#8220;:&#8220;grve-wpb-1748506696488&#8220;},&#8220;tablet_landscape&#8220;:{&#8220;margin-top&#8220;:&#8220;-10px&#8220;,&#8220;margin-left&#8220;:&#8220;-10%&#8220;}}&#8221;]<div data-animation=\"fade-in-left\" data-delay=\"0\" data-duration=\"normal\" class=\"grve-element grve-image grve-align-center grve-animated-item chevron-red-header\">\r\n\t<div class=\"grve-image-item\">\r\n\t\t\r\n\r\n<div class=\"grve-image-wrapper grve-no-effect\">\r\n\t\t<div class=\"grve-thumbnail-wrapper\"  style=\"width: 960px;\"><div class=\"grve-thumbnail\"  style=\"padding-top: 100%;\"><img loading=\"lazy\" decoding=\"async\" width=\"960\" height=\"960\" src=\"https:\/\/annualreport2025.groupeidec.com\/wp-content\/uploads\/2025\/05\/chevron_chapitre_07_960x960.png\" class=\"attachment-full size-full\" alt=\"\" data-column-space=\"auto\" data-lazyload=\"\" data-grve-filter=\"yes\" srcset=\"https:\/\/annualreport2025.groupeidec.com\/wp-content\/uploads\/2025\/05\/chevron_chapitre_07_960x960.png 960w, https:\/\/annualreport2025.groupeidec.com\/wp-content\/uploads\/2025\/05\/chevron_chapitre_07_960x960-300x300.png 300w, https:\/\/annualreport2025.groupeidec.com\/wp-content\/uploads\/2025\/05\/chevron_chapitre_07_960x960-150x150.png 150w, https:\/\/annualreport2025.groupeidec.com\/wp-content\/uploads\/2025\/05\/chevron_chapitre_07_960x960-768x768.png 768w, https:\/\/annualreport2025.groupeidec.com\/wp-content\/uploads\/2025\/05\/chevron_chapitre_07_960x960-560x560.png 560w, https:\/\/annualreport2025.groupeidec.com\/wp-content\/uploads\/2025\/05\/chevron_chapitre_07_960x960-900x900.png 900w\" sizes=\"auto, (max-width: 960px) 100vw, 960px\" \/><\/div><\/div>\t<\/div>\r\n\t<\/div>\r\n<\/div>\r\n[\/vc_column][vc_column width=&#8221;1\/2&#8243; vertical_content_position=&#8221;middle&#8221; grve_css=&#8221;{&#8220;desktop&#8220;:{&#8220;margin-top&#8220;:&#8220;-50px&#8220;,&#8220;margin-left&#8220;:&#8220;50px&#8220;,&#8220;class&#8220;:&#8220;grve-wpb-1748508671169&#8220;},&#8220;tablet_landscape&#8220;:{&#8220;margin-top&#8220;:&#8220;-300px&#8220;,&#8220;margin-left&#8220;:&#8220;0&#8220;}}&#8221;]<h2 data-animation=\"appear-down\" data-delay=\"0\" data-duration=\"normal\" class=\"grve-element grve-title grve-align-left grve-appear-animation grve-advanced-animation grve-animated-item grve-h2 grve-custom-font-1 grve-mobile-reset-increase-heading grve-increase-heading grve-heading-120 stroke-grid\"><span><em>&gt;07<\/em><\/span><\/h2><h1 data-animation=\"appear-down\" data-delay=\"200\" data-duration=\"normal\" class=\"grve-element grve-title grve-align-left grve-appear-animation grve-advanced-animation grve-animated-item grve-h1 grve-custom-font-1 stroke-grid\"><span>Sports<\/span><\/h1><h3 data-animation=\"appear-down\" data-delay=\"400\" data-duration=\"normal\" class=\"grve-element grve-title grve-align-left grve-appear-animation grve-advanced-animation grve-animated-item grve-h3 grve-custom-font-1 grve-increase-heading grve-heading-120 grve-text-primary-1 stroke-grid\"><span>The GROUPE IDEC DNA<\/span><\/h3><h4 data-animation=\"appear-down\" data-delay=\"600\" data-duration=\"normal\" class=\"grve-element grve-title grve-align-inherit grve-appear-animation grve-advanced-animation grve-animated-item grve-h4\"><span>\u201cThe development of the GROUPE IDEC is inextricably linked to its commitment to sport, with shared, unifying values\u201d<\/span><\/h4><div class=\"grve-empty-space grve-height-1x\"><\/div><div data-animation=\"fade-in-up\" data-delay=\"800\" data-duration=\"normal\" class=\"grve-element grve-align-left grve-animated-item\"><a href=\"#entree\" class=\"grve-btn-text grve-btn-line grve-line-bottom grve-text-dark-grey grve-text-hover-dark-grey grve-btn-small\">\r\n\t\t<div class=\"grve-btn-inner\">\r\n\t\t<span>I access the content<\/span>\r\n\t\t\t<span class=\"grve-line grve-bg-dark-grey\"><\/span>\r\n\t\t\t\t\t\t\t<\/div>\r\n\t<\/a><\/div>[\/vc_column][\/vc_row][vc_row section_type=&#8221;fullwidth&#8221; height_ratio=&#8221;100&#8243; padding_top_multiplier=&#8221;&#8221; padding_bottom_multiplier=&#8221;&#8221; disable_element=&#8221;yes&#8221; rc_heading_color=&#8221;black&#8221; rc_link_color=&#8221;dark-grey&#8221; rc_link_hover_color=&#8221;black&#8221; rc_bg_type=&#8221;image&#8221; rc_bg_image=&#8221;2691&#8243; columns_gap=&#8221;60&#8243; separator_bottom_color=&#8221;#e73029&#8243; rc_font_color=&#8221;#000000&#8243; el_class=&#8221;header-int&#8221;][vc_column width=&#8221;1\/2&#8243; vertical_content_position=&#8221;middle&#8221; animation_delay=&#8221;&#8221; grve_css=&#8221;{&#8220;desktop&#8220;:{&#8220;margin-top&#8220;:&#8220;-50px&#8220;,&#8220;margin-left&#8220;:&#8220;-10%&#8220;,&#8220;class&#8220;:&#8220;grve-wpb-1748506696488&#8220;},&#8220;tablet_landscape&#8220;:{&#8220;margin-top&#8220;:&#8220;-10px&#8220;,&#8220;margin-left&#8220;:&#8220;-10%&#8220;}}&#8221;]<div data-animation=\"fade-in-left\" data-delay=\"0\" data-duration=\"normal\" class=\"grve-element grve-image grve-align-center grve-animated-item chevron-red-header\">\r\n\t<div class=\"grve-image-item\">\r\n\t\t\r\n\r\n<div class=\"grve-image-wrapper grve-no-effect\">\r\n\t\t<div class=\"grve-thumbnail-wrapper\"  style=\"width: 960px;\"><div class=\"grve-thumbnail\"  style=\"padding-top: 100%;\"><img loading=\"lazy\" decoding=\"async\" width=\"960\" height=\"960\" src=\"https:\/\/annualreport2025.groupeidec.com\/wp-content\/uploads\/2025\/05\/chevron_chapitre_02_960x960.png\" class=\"attachment-full size-full\" alt=\"\" data-column-space=\"auto\" data-lazyload=\"\" data-grve-filter=\"yes\" srcset=\"https:\/\/annualreport2025.groupeidec.com\/wp-content\/uploads\/2025\/05\/chevron_chapitre_02_960x960.png 960w, https:\/\/annualreport2025.groupeidec.com\/wp-content\/uploads\/2025\/05\/chevron_chapitre_02_960x960-300x300.png 300w, https:\/\/annualreport2025.groupeidec.com\/wp-content\/uploads\/2025\/05\/chevron_chapitre_02_960x960-150x150.png 150w, https:\/\/annualreport2025.groupeidec.com\/wp-content\/uploads\/2025\/05\/chevron_chapitre_02_960x960-768x768.png 768w, https:\/\/annualreport2025.groupeidec.com\/wp-content\/uploads\/2025\/05\/chevron_chapitre_02_960x960-560x560.png 560w, https:\/\/annualreport2025.groupeidec.com\/wp-content\/uploads\/2025\/05\/chevron_chapitre_02_960x960-900x900.png 900w\" sizes=\"auto, (max-width: 960px) 100vw, 960px\" \/><\/div><\/div>\t<\/div>\r\n\t<\/div>\r\n<\/div>\r\n[\/vc_column][vc_column width=&#8221;1\/2&#8243; vertical_content_position=&#8221;middle&#8221; animation=&#8221;fade-in-up&#8221; animation_delay=&#8221;200&#8243; grve_css=&#8221;{&#8220;desktop&#8220;:{&#8220;margin-top&#8220;:&#8220;-10px&#8220;,&#8220;margin-left&#8220;:&#8220;50px&#8220;,&#8220;class&#8220;:&#8220;grve-wpb-1749032556471&#8220;},&#8220;tablet_landscape&#8220;:{&#8220;margin-left&#8220;:&#8220;0&#8220;}}&#8221;]<h2 class=\"grve-element grve-title grve-align-left grve-h2 grve-custom-font-1 stroke-grid\"><span><em>&gt;07<\/em><\/span><\/h2><h1 class=\"grve-element grve-title grve-align-left grve-h1 grve-custom-font-1 stroke-grid\"><span>Sport<\/span><\/h1><h3 class=\"grve-element grve-title grve-align-left grve-h3 grve-custom-font-1 grve-increase-heading grve-heading-120 grve-text-primary-1 stroke-grid\"><span>L\u2019ADN du GROUPE IDEC<\/span><\/h3><h4 class=\"grve-element grve-title grve-align-inherit grve-h4\"><span>\u201cLe d\u00e9veloppement du GROUPE IDEC est indissociable de son engagement dans le sport avec des valeurs communes et f\u00e9d\u00e9ratrices\u201d<\/span><\/h4><div style=\"height: 20px;\" class=\"grve-empty-space\"><\/div>[vc_row_inner][vc_column_inner content_width=&#8221;custom&#8221; animation_delay=&#8221;800&#8243; custom_content_width=&#8221;460&#8243; el_class=&#8221;conteneur-video-header&#8221;][vc_raw_html css=&#8221;&#8221; el_class=&#8221;video-perso&#8221;]JTNDaWZyYW1lJTIwd2lkdGglM0QlMjI1NjAlMjIlMjBoZWlnaHQlM0QlMjIzMTUlMjIlMjBzcmMlM0QlMjJodHRwcyUzQSUyRiUyRnd3dy55b3V0dWJlLmNvbSUyRmVtYmVkJTJGYkxpSnJjZW1PX1ElM0ZzaSUzRERQdDN2ZHVVUHRTdG1USzIlMjZhbXAlM0JyZWwlM0QwJTI2YXV0b3BsYXklM0QxJTIyJTIwdGl0bGUlM0QlMjJUZWFzZXIlMjBBbm51YWwlMjBSZXBvcnQlMjAyMDI1JTIyJTIwZnJhbWVib3JkZXIlM0QlMjIwJTIyJTIwYWxsb3clM0QlMjJhY2NlbGVyb21ldGVyJTNCJTIwYXV0b3BsYXklM0IlMjBjbGlwYm9hcmQtd3JpdGUlM0IlMjBlbmNyeXB0ZWQtbWVkaWElM0IlMjBneXJvc2NvcGUlM0IlMjBwaWN0dXJlLWluLXBpY3R1cmUlM0IlMjB3ZWItc2hhcmUlMjIlMjByZWZlcnJlcnBvbGljeSUzRCUyMnN0cmljdC1vcmlnaW4td2hlbi1jcm9zcy1vcmlnaW4lMjIlMjBhbGxvd2Z1bGxzY3JlZW4lM0UlM0MlMkZpZnJhbWUlM0U=[\/vc_raw_html][\/vc_column_inner][\/vc_row_inner]<div style=\"height: 25px;\" class=\"grve-empty-space\"><\/div><div class=\"grve-element grve-align-left\"><a href=\"#entree\" class=\"grve-btn-text grve-btn-line grve-line-bottom grve-text-dark-grey grve-text-hover-dark-grey grve-btn-small\">\r\n\t\t<div class=\"grve-btn-inner\">\r\n\t\t<span>J&#039;acc\u00e8de au contenu<\/span>\r\n\t\t\t<span class=\"grve-line grve-bg-dark-grey\"><\/span>\r\n\t\t\t\t\t\t\t<\/div>\r\n\t<\/a><\/div>[\/vc_column][\/vc_row][vc_row padding_top_multiplier=&#8221;4x&#8221; padding_bottom_multiplier=&#8221;4x&#8221;][vc_column width=&#8221;1\/6&#8243;][\/vc_column][vc_column width=&#8221;2\/3&#8243; text_align=&#8221;center&#8221; el_id=&#8221;entree&#8221;]<h2 data-animation=\"fade-in-up\" data-delay=\"0\" data-duration=\"normal\" class=\"grve-element grve-title grve-align-inherit grve-animated-item grve-h2\"><span><strong>IDEC SPORT<\/strong>: a unique ecosystem<\/span><\/h2><div style=\"height: 32px;\" class=\"grve-empty-space\"><\/div>[vc_column_text css=&#8221;&#8221; animation=&#8221;fade-in-up&#8221; animation_delay=&#8221;100&#8243; el_class=&#8221;justif&#8221;]As well as sailing and motor sport, IDEC SPORT is also committed to sportsmen and women from all walks of life. Football, basketball, rugby, extreme sport, handisport, IDEC SPORT actively supports these athletes in achieving their most ambitious sporting goals and challenges.[\/vc_column_text]<div style=\"height: 32px;\" class=\"grve-empty-space\"><\/div>[\/vc_column][vc_column width=&#8221;1\/6&#8243;][\/vc_column][\/vc_row][vc_row padding_top_multiplier=&#8221;2x&#8221; padding_bottom_multiplier=&#8221;4x&#8221; rc_bg_type=&#8221;gradient&#8221; rc_bg_gradient_color_1=&#8221;#f3f3f3&#8243; rc_bg_gradient_color_2=&#8221;#ffffff&#8221; rc_bg_gradient_direction=&#8221;180&#8243; separator_top=&#8221;tilt-right-separator&#8221;][vc_column rc_heading_color=&#8221;white&#8221; rc_bg_type=&#8221;image&#8221; rc_bg_image=&#8221;2592&#8243; rc_bg_image_type=&#8221;horizontal-parallax-lr&#8221; rc_bg_color_overlay=&#8221;gradient&#8221; rc_bg_gradient_overlay_custom_1=&#8221;rgba(0,0,0,0.82)&#8221; rc_bg_gradient_overlay_custom_2=&#8221;rgba(0,0,0,0.01)&#8221; rc_bg_gradient_overlay_direction=&#8221;45&#8243; rc_font_color=&#8221;#ffffff&#8221; rc_bg_color=&#8221;#000000&#8243; grve_css=&#8221;{&#8220;desktop&#8220;:{&#8220;margin-top&#8220;:&#8220;-10%&#8220;,&#8220;padding-top&#8220;:&#8220;30%&#8220;,&#8220;padding-right&#8220;:&#8220;60&#8220;,&#8220;padding-bottom&#8220;:&#8220;60&#8220;,&#8220;padding-left&#8220;:&#8220;60&#8220;,&#8220;class&#8220;:&#8220;grve-wpb-1748937920093&#8220;},&#8220;mobile_landscape&#8220;:{&#8220;padding-top&#8220;:&#8220;30%&#8220;,&#8220;padding-right&#8220;:&#8220;30&#8220;,&#8220;padding-bottom&#8220;:&#8220;30&#8220;,&#8220;padding-left&#8220;:&#8220;30&#8220;}}&#8221;]<div class=\"grve-element grve-single-icon grve-align-inherit grve-medium\" style=\"margin-bottom: 30px;\"><div class=\"grve-wrapper-icon grve-circle grve-simple grve-with-shape grve-bg-primary-1 grve-loop-animation-1 grve-text-white\"><a href=\"https:\/\/youtu.be\/ZgTHOhKGQnE?si=a-F-jhv2vqpMyPQu\" class=\"grve-video-popup\">\t\t\t\t<svg width=\"24px\" height=\"24px\" viewBox=\"0 0 24 24\" stroke-width=\"0\">\r\n\t\t\t\t\t<polygon points=\"19 12 7 20 7 4\"><\/polygon>\r\n\t\t\t\t<\/svg>\r\n\t\t\t<\/a><div class=\"grve-pulse-bg\"><\/div><\/div><\/div><h3 class=\"grve-element grve-title grve-align-inherit grve-h4\"><span>DISCOVER <strong>IDEC SPORT<\/strong><\/span><\/h3>[vc_column_text css=&#8221;&#8221;]A passion for sport[\/vc_column_text][\/vc_column][\/vc_row][vc_row padding_top_multiplier=&#8221;4x&#8221; padding_bottom_multiplier=&#8221;4x&#8221; rc_heading_color=&#8221;white&#8221; rc_bg_type=&#8221;image&#8221; rc_bg_image=&#8221;2594&#8243; rc_bg_image_type=&#8221;parallax&#8221; rc_bg_image_size=&#8221;full&#8221; rc_bg_parallax_threshold=&#8221;0.1&#8243; rc_bg_color_overlay=&#8221;black&#8221; rc_bg_opacity_overlay=&#8221;50&#8243; equal_column_height=&#8221;equal&#8221; separator_top=&#8221;tilt-left-separator&#8221; separator_top_z_index=&#8221;999&#8243; separator_bottom=&#8221;tilt-right-separator&#8221; rc_font_color=&#8221;#ffffff&#8221;][vc_column width=&#8221;1\/2&#8243; vertical_content_position=&#8221;middle&#8221; text_align=&#8221;center&#8221;]<div style=\"height: 32px;\" class=\"grve-empty-space\"><\/div><h2 data-animation=\"fade-in-up\" data-delay=\"0\" data-duration=\"normal\" class=\"grve-element grve-title grve-align-inherit grve-animated-item grve-h2\"><span><strong>10 years of passion<\/strong> for motor sport<\/span><\/h2><div style=\"height: 32px;\" class=\"grve-empty-space\"><\/div>[vc_column_text css=&#8221;&#8221; animation=&#8221;fade-in-up&#8221; animation_delay=&#8221;100&#8243; el_class=&#8221;justif&#8221;]In 2025, the IDEC SPORT Racing team will be blowing out its tenth candle on the world&#8217;s greatest circuits. 10 years of passion, sharing and above all success in the European Le Mans Series and the 24 Hours of Le Mans.<\/p>\n<p>This year also marks another milestone for the team, which welcomes GENESIS MAGMA Racing to run a second LMP2 car. IDEC SPORT has been selected by this sports division of HYUNDAI to prepare its arrival in the World Endurance Championship in 2026 in the Hypercar category.[\/vc_column_text]<div style=\"height: 32px;\" class=\"grve-empty-space\"><\/div>[\/vc_column][vc_column width=&#8221;1\/2&#8243; vertical_content_position=&#8221;middle&#8221; text_align=&#8221;center&#8221;]<div data-animation=\"fade-in\" data-delay=\"100\" data-duration=\"normal\" class=\"grve-element grve-single-icon grve-align-inherit grve-medium grve-animated-item butsound\" style=\"margin-bottom: 20px;\"><div class=\"grve-wrapper-icon grve-circle grve-simple grve-with-shape grve-bg-white grve-loop-animation-1 grve-text-primary-1\"><a href=\"https:\/\/youtu.be\/-gCR-ZIGe-o?si=7xF2PCEpkCiDTVMh\" class=\"grve-video-popup\">\t\t\t\t<svg width=\"24px\" height=\"24px\" viewBox=\"0 0 24 24\" stroke-width=\"0\">\r\n\t\t\t\t\t<polygon points=\"19 12 7 20 7 4\"><\/polygon>\r\n\t\t\t\t<\/svg>\r\n\t\t\t<\/a><div class=\"grve-pulse-bg\"><\/div><\/div><\/div><h4 data-animation=\"fade-in-up\" data-delay=\"200\" data-duration=\"normal\" class=\"grve-element grve-title grve-align-inherit grve-animated-item grve-h4\"><span>DISCOVER <strong>THE VIDEO<\/strong><\/span><\/h4><div data-animation=\"fade-in-up\" data-delay=\"400\" data-duration=\"normal\" class=\"grve-element grve-image grve-align-center grve-animated-item\">\r\n\t<div class=\"grve-image-item\">\r\n\t\t\r\n\r\n<div class=\"grve-image-wrapper grve-no-effect\">\r\n\t\t<div class=\"grve-thumbnail-wrapper\"  style=\"width: 350px;\"><div class=\"grve-thumbnail\"  style=\"padding-top: 31.429%;\"><img loading=\"lazy\" decoding=\"async\" width=\"350\" height=\"110\" src=\"https:\/\/annualreport2025.groupeidec.com\/wp-content\/uploads\/2025\/05\/logo_10ans_racing_350x110.png\" class=\"attachment-full size-full\" alt=\"\" data-column-space=\"auto\" data-lazyload=\"\" data-grve-filter=\"yes\" srcset=\"https:\/\/annualreport2025.groupeidec.com\/wp-content\/uploads\/2025\/05\/logo_10ans_racing_350x110.png 350w, https:\/\/annualreport2025.groupeidec.com\/wp-content\/uploads\/2025\/05\/logo_10ans_racing_350x110-300x94.png 300w\" sizes=\"auto, (max-width: 350px) 100vw, 350px\" \/><\/div><\/div>\t<\/div>\r\n\t<\/div>\r\n<\/div>\r\n[\/vc_column][\/vc_row][vc_row padding_top_multiplier=&#8221;2x&#8221; padding_bottom_multiplier=&#8221;4x&#8221;][vc_column width=&#8221;1\/6&#8243;][\/vc_column][vc_column width=&#8221;2\/3&#8243; text_align=&#8221;center&#8221;]<h2 data-animation=\"fade-in-up\" data-delay=\"0\" data-duration=\"normal\" class=\"grve-element grve-title grve-align-inherit grve-animated-item grve-h2\"><span><strong>An all-female crew<\/strong> in the assault on the Jules Verne Trophy<\/span><\/h2><div style=\"height: 32px;\" class=\"grve-empty-space\"><\/div>[vc_column_text css=&#8221;&#8221; animation=&#8221;fade-in-up&#8221; animation_delay=&#8221;100&#8243; el_class=&#8221;justif&#8221;]Already holding the greatest sailing records with its maxi-trimaran, IDEC SPORT is writing a new chapter in its history with an extraordinary new challenge: setting out to conquer the Jules Verne Trophy with an all-female team.<\/p>\n<p>United around skipper Alexia BARRIER, THE FAMOUS PROJECT will embark at the helm of the maxi-trimaran IDEC SPORT in the Jules Verne Trophy at the end of 2025. The goal: to break the sailing record with this international all-female crew.[\/vc_column_text][\/vc_column][vc_column width=&#8221;1\/6&#8243;][\/vc_column][\/vc_row][vc_row padding_top_multiplier=&#8221;2x&#8221; padding_bottom_multiplier=&#8221;4x&#8221; rc_bg_type=&#8221;gradient&#8221; rc_bg_gradient_color_1=&#8221;#f3f3f3&#8243; rc_bg_gradient_color_2=&#8221;#F4F4F4&#8243; rc_bg_gradient_direction=&#8221;180&#8243; separator_top=&#8221;tilt-left-separator&#8221;][vc_column rc_heading_color=&#8221;white&#8221; rc_bg_type=&#8221;image&#8221; rc_bg_image=&#8221;2965&#8243; rc_bg_image_type=&#8221;horizontal-parallax-lr&#8221; rc_bg_color_overlay=&#8221;gradient&#8221; rc_bg_gradient_overlay_custom_1=&#8221;rgba(0,0,0,0.82)&#8221; rc_bg_gradient_overlay_custom_2=&#8221;rgba(0,0,0,0.01)&#8221; rc_bg_gradient_overlay_direction=&#8221;45&#8243; rc_font_color=&#8221;#ffffff&#8221; rc_bg_color=&#8221;#000000&#8243; grve_css=&#8221;{&#8220;desktop&#8220;:{&#8220;margin-top&#8220;:&#8220;-10%&#8220;,&#8220;padding-top&#8220;:&#8220;30%&#8220;,&#8220;padding-right&#8220;:&#8220;60&#8220;,&#8220;padding-bottom&#8220;:&#8220;60&#8220;,&#8220;padding-left&#8220;:&#8220;60&#8220;,&#8220;class&#8220;:&#8220;grve-wpb-1749103687853&#8220;},&#8220;mobile_landscape&#8220;:{&#8220;padding-top&#8220;:&#8220;30%&#8220;,&#8220;padding-right&#8220;:&#8220;30&#8220;,&#8220;padding-bottom&#8220;:&#8220;30&#8220;,&#8220;padding-left&#8220;:&#8220;30&#8220;}}&#8221;]<div class=\"grve-element grve-single-icon grve-align-inherit grve-medium\" style=\"margin-bottom: 30px;\"><div class=\"grve-wrapper-icon grve-circle grve-simple grve-with-shape grve-bg-primary-1 grve-loop-animation-1 grve-text-white\"><a href=\"https:\/\/youtu.be\/mqBtToFwSac?si=3Vygn3wpH1F01HFC\" class=\"grve-video-popup\">\t\t\t\t<svg width=\"24px\" height=\"24px\" viewBox=\"0 0 24 24\" stroke-width=\"0\">\r\n\t\t\t\t\t<polygon points=\"19 12 7 20 7 4\"><\/polygon>\r\n\t\t\t\t<\/svg>\r\n\t\t\t<\/a><div class=\"grve-pulse-bg\"><\/div><\/div><\/div><h3 class=\"grve-element grve-title grve-align-inherit grve-h4\"><span><strong>Jules Verne Trophy<\/strong> Objective<\/span><\/h3>[vc_column_text css=&#8221;&#8221;]With an all-female crew[\/vc_column_text][\/vc_column][\/vc_row][vc_row rc_bg_type=&#8221;color&#8221; separator_top=&#8221;tilt-left-separator&#8221; separator_top_color=&#8221;#f4f4f4&#8243; rc_bg_color=&#8221;#f4f4f4&#8243; el_class=&#8221;footer-menu&#8221;][vc_column width=&#8221;1\/6&#8243;][\/vc_column][vc_column width=&#8221;2\/3&#8243; vertical_content_position=&#8221;middle&#8221; text_align=&#8221;center&#8221; column_effect=&#8221;vertical-parallax&#8221;][vc_row_inner][vc_column_inner]<video class=\"grve-element grve-embed-video mask1\" playsinline loop=\"loop\" muted=\"muted\" autoplay=\"autoplay\"><source src=\"https:\/\/annualreport2025.groupeidec.com\/wp-content\/uploads\/2024\/04\/campus-mars-2024-montage-maquette-f4f4f4.mp4\" type=\"video\/mp4\"><\/video>[\/vc_column_inner][\/vc_row_inner][vc_row_inner columns_gap=&#8221;none&#8221;][vc_column_inner el_wrapper_class=&#8221;position-absolute-menu-bas-de-page&#8221;]<h3 class=\"grve-element grve-title grve-align-inherit grve-subtitle-text\" style=\"margin-bottom: 20px;\"><span><strong>next<\/strong> chapter<\/span><\/h3><h2 class=\"grve-element grve-animated-text grve-animated-item grve-align-inherit grve-h2 grve-style-3 grve-custom-font-3 grve-mobile-reset-increase-heading grve-increase-heading grve-heading-120\" data-style=\"style-3\" data-delay=\"0\" data-duration=\"normal\"><span class=\"grve-animated-entry\"><span class=\"grve-line\">Downloads<\/span><\/span><\/h2><div class=\"grve-element grve-single-icon grve-align-inherit grve-medium butsound\"><div class=\"grve-wrapper-icon grve-circle grve-simple grve-with-shape grve-bg-primary-1 grve-loop-animation-1 grve-text-white\"><a href=\"https:\/\/annualreport2025.groupeidec.com\/en\/chap-08-downloads\/\" title=\"Chap 08 - Downloads\"><span class=\"grve-icon entypo-icon entypo-icon-right-open\"><\/span><\/a><div class=\"grve-pulse-bg\"><\/div><\/div><\/div>[\/vc_column_inner][\/vc_row_inner][\/vc_column][vc_column width=&#8221;1\/6&#8243;][\/vc_column][\/vc_row]<\/p>\n<\/div>","protected":false},"excerpt":{"rendered":"<p>[vc_row section_type=&#8221;fullwidth&#8221; height_ratio=&#8221;100&#8243; padding_top_multiplier=&#8221;&#8221; padding_bottom_multiplier=&#8221;&#8221; rc_heading_color=&#8221;black&#8221; rc_link_color=&#8221;dark-grey&#8221; rc_link_hover_color=&#8221;black&#8221; rc_bg_type=&#8221;image&#8221; rc_bg_image=&#8221;2691&#8243; rc_bg_image_size=&#8221;responsive&#8221; columns_gap=&#8221;60&#8243; separator_bottom_color=&#8221;#e73029&#8243; rc_font_color=&#8221;#000000&#8243;][vc_column width=&#8221;1\/2&#8243; vertical_content_position=&#8221;middle&#8221; animation_delay=&#8221;&#8221; grve_css=&#8221;{&#8220;desktop&#8220;:{&#8220;margin-top&#8220;:&#8220;-50px&#8220;,&#8220;margin-left&#8220;:&#8220;-10%&#8220;,&#8220;class&#8220;:&#8220;grve-wpb-1748506696488&#8220;},&#8220;tablet_landscape&#8220;:{&#8220;margin-top&#8220;:&#8220;-10px&#8220;,&#8220;margin-left&#8220;:&#8220;-10%&#8220;}}&#8221;][\/vc_column][vc_column width=&#8221;1\/2&#8243; vertical_content_position=&#8221;middle&#8221; grve_css=&#8221;{&#8220;desktop&#8220;:{&#8220;margin-top&#8220;:&#8220;-50px&#8220;,&#8220;margin-left&#8220;:&#8220;50px&#8220;,&#8220;class&#8220;:&#8220;grve-wpb-1748508671169&#8220;},&#8220;tablet_landscape&#8220;:{&#8220;margin-top&#8220;:&#8220;-300px&#8220;,&#8220;margin-left&#8220;:&#8220;0&#8220;}}&#8221;][\/vc_column][\/vc_row][vc_row section_type=&#8221;fullwidth&#8221; height_ratio=&#8221;100&#8243; padding_top_multiplier=&#8221;&#8221; padding_bottom_multiplier=&#8221;&#8221; disable_element=&#8221;yes&#8221; rc_heading_color=&#8221;black&#8221; rc_link_color=&#8221;dark-grey&#8221; rc_link_hover_color=&#8221;black&#8221; rc_bg_type=&#8221;image&#8221; rc_bg_image=&#8221;2691&#8243; columns_gap=&#8221;60&#8243; separator_bottom_color=&#8221;#e73029&#8243; rc_font_color=&#8221;#000000&#8243; el_class=&#8221;header-int&#8221;][vc_column width=&#8221;1\/2&#8243; vertical_content_position=&#8221;middle&#8221; animation_delay=&#8221;&#8221; grve_css=&#8221;{&#8220;desktop&#8220;:{&#8220;margin-top&#8220;:&#8220;-50px&#8220;,&#8220;margin-left&#8220;:&#8220;-10%&#8220;,&#8220;class&#8220;:&#8220;grve-wpb-1748506696488&#8220;},&#8220;tablet_landscape&#8220;:{&#8220;margin-top&#8220;:&#8220;-10px&#8220;,&#8220;margin-left&#8220;:&#8220;-10%&#8220;}}&#8221;][\/vc_column][vc_column width=&#8221;1\/2&#8243; vertical_content_position=&#8221;middle&#8221; animation=&#8221;fade-in-up&#8221; animation_delay=&#8221;200&#8243; grve_css=&#8221;{&#8220;desktop&#8220;:{&#8220;margin-top&#8220;:&#8220;-10px&#8220;,&#8220;margin-left&#8220;:&#8220;50px&#8220;,&#8220;class&#8220;:&#8220;grve-wpb-1749032556471&#8220;},&#8220;tablet_landscape&#8220;:{&#8220;margin-left&#8220;:&#8220;0&#8220;}}&#8221;][vc_row_inner][vc_column_inner content_width=&#8221;custom&#8221; animation_delay=&#8221;800&#8243; custom_content_width=&#8221;460&#8243; el_class=&#8221;conteneur-video-header&#8221;][vc_raw_html css=&#8221;&#8221; el_class=&#8221;video-perso&#8221;]JTNDaWZyYW1lJTIwd2lkdGglM0QlMjI1NjAlMjIlMjBoZWlnaHQlM0QlMjIzMTUlMjIlMjBzcmMlM0QlMjJodHRwcyUzQSUyRiUyRnd3dy55b3V0dWJlLmNvbSUyRmVtYmVkJTJGYkxpSnJjZW1PX1ElM0ZzaSUzRERQdDN2ZHVVUHRTdG1USzIlMjZhbXAlM0JyZWwlM0QwJTI2YXV0b3BsYXklM0QxJTIyJTIwdGl0bGUlM0QlMjJUZWFzZXIlMjBBbm51YWwlMjBSZXBvcnQlMjAyMDI1JTIyJTIwZnJhbWVib3JkZXIlM0QlMjIwJTIyJTIwYWxsb3clM0QlMjJhY2NlbGVyb21ldGVyJTNCJTIwYXV0b3BsYXklM0IlMjBjbGlwYm9hcmQtd3JpdGUlM0IlMjBlbmNyeXB0ZWQtbWVkaWElM0IlMjBneXJvc2NvcGUlM0IlMjBwaWN0dXJlLWluLXBpY3R1cmUlM0IlMjB3ZWItc2hhcmUlMjIlMjByZWZlcnJlcnBvbGljeSUzRCUyMnN0cmljdC1vcmlnaW4td2hlbi1jcm9zcy1vcmlnaW4lMjIlMjBhbGxvd2Z1bGxzY3JlZW4lM0UlM0MlMkZpZnJhbWUlM0U=[\/vc_raw_html][\/vc_column_inner][\/vc_row_inner][\/vc_column][\/vc_row][vc_row padding_top_multiplier=&#8221;4x&#8221; padding_bottom_multiplier=&#8221;4x&#8221;][vc_column width=&#8221;1\/6&#8243;][\/vc_column][vc_column width=&#8221;2\/3&#8243; text_align=&#8221;center&#8221; [&hellip;]<\/p>\n","protected":false},"author":1,"featured_media":0,"parent":0,"menu_order":0,"comment_status":"closed","ping_status":"closed","template":"","meta":{"footnotes":""},"class_list":["post-3391","page","type-page","status-publish","hentry","grve-entry-item"],"_links":{"self":[{"href":"https:\/\/annualreport2025.groupeidec.com\/en\/wp-json\/wp\/v2\/pages\/3391","targetHints":{"allow":["GET"]}}],"collection":[{"href":"https:\/\/annualreport2025.groupeidec.com\/en\/wp-json\/wp\/v2\/pages"}],"about":[{"href":"https:\/\/annualreport2025.groupeidec.com\/en\/wp-json\/wp\/v2\/types\/page"}],"author":[{"embeddable":true,"href":"https:\/\/annualreport2025.groupeidec.com\/en\/wp-json\/wp\/v2\/users\/1"}],"replies":[{"embeddable":true,"href":"https:\/\/annualreport2025.groupeidec.com\/en\/wp-json\/wp\/v2\/comments?post=3391"}],"version-history":[{"count":5,"href":"https:\/\/annualreport2025.groupeidec.com\/en\/wp-json\/wp\/v2\/pages\/3391\/revisions"}],"predecessor-version":[{"id":3428,"href":"https:\/\/annualreport2025.groupeidec.com\/en\/wp-json\/wp\/v2\/pages\/3391\/revisions\/3428"}],"wp:attachment":[{"href":"https:\/\/annualreport2025.groupeidec.com\/en\/wp-json\/wp\/v2\/media?parent=3391"}],"curies":[{"name":"wp","href":"https:\/\/api.w.org\/{rel}","templated":true}]}}